{"id":13165,"date":"2022-12-19T22:00:29","date_gmt":"2022-12-19T22:00:29","guid":{"rendered":"http:\/\/shewinsmexico.org\/training\/?page_id=13165"},"modified":"2023-05-01T18:45:27","modified_gmt":"2023-05-01T18:45:27","slug":"recursos","status":"publish","type":"page","link":"https:\/\/shewinsmexico.org\/training\/recursos\/","title":{"rendered":"Recursos"},"content":{"rendered":"\n<p><strong>Recursos de Apoyo y Ayuda<\/strong><\/p>\n\n\n\n<ul class=\"wp-block-list\">\n<li><a href=\"https:\/\/www.rainn.org\/articles\/ayudele-ese-ser-querido\">Red Nacional contra la Violaci\u00f3n, el Abuso y el Incesto (RAINN)<\/a><\/li>\n<\/ul>\n\n\n\n<p>Informaci\u00f3n acerca de c\u00f3mo ayudar a un ser querido que ha sufrido abuso sexual y&nbsp; c\u00f3mo proteger a su hijes de abuso sexual.<\/p>\n\n\n\n<p>P\u00e1gina: <a href=\"https:\/\/www.rainn.org\/es\">https:\/\/www.rainn.org\/es<\/a><\/p>\n\n\n\n<p>Tel\u00e9fono: +1 (800)656-4673<\/p>\n\n\n\n<p>24 horas al d\u00eda, 7 d\u00edas por semana<\/p>\n\n\n\n<ul class=\"wp-block-list\">\n<li><a href=\"https:\/\/espanol.womenshealth.gov\/relationships-and-safety\/get-help\/how-help-friend\">Oficina para la Salud de la Mujer<\/a><\/li>\n<\/ul>\n\n\n\n<p>Informaci\u00f3n para saber c\u00f3mo ayudar a una v\u00edctima de abuso, incluyendo signos de abuso, c\u00f3mo denunciar y c\u00f3mo responder.<\/p>\n\n\n\n<ul class=\"wp-block-list\">\n<li><a href=\"https:\/\/www.plannedparenthood.org\/es\/temas-de-salud\/relaciones\/consentimiento-sexual\/que-debo-hacer-si-yo-o-una-persona-que-conozco-fue-victima-de-ag\">Planned Parenthood<\/a><\/li>\n<\/ul>\n\n\n\n<p>Recursos para saber qu\u00e9 hacer en caso de que t\u00fa o una persona cercana a ti haya sufrido violencia sexual.<\/p>\n\n\n\n<p><strong>\u00bfC\u00f3mo apoyar a personas de la comunidad LGBTQ+?<\/strong><\/p>\n\n\n\n<ul class=\"wp-block-list\">\n<li><a href=\"https:\/\/www.rainn.org\/articles\/sobrevivientes-de-abuso-sexual-en-la-comuninda-lgbtq\">Red Nacional contra la Violaci\u00f3n, el Abuso y el Incesto (RAINN)<\/a><\/li>\n<\/ul>\n\n\n\n<p>Informaci\u00f3n acerca de sobrevivientes de abuso sexual en la comunidad LGBTQ+<\/p>\n\n\n\n<ul class=\"wp-block-list\">\n<li><a href=\"https:\/\/www.lambdalegal.org\/es\/know-your-rights\/article\/jovenes-apoyar\">Lamda Legal<\/a><\/li>\n<\/ul>\n\n\n\n<p>Informaci\u00f3n para convertirte en un aliado de la comunidad LGBTQ+. Recursos para compa\u00f1ero de escuela, maestros, y familia.<\/p>\n\n\n\n<ul class=\"wp-block-list\">\n<li><a href=\"https:\/\/integrarse.org\/como-puedo-ayudar-a-disminuir-la-discriminacion-de-la-comunidad-lgtbi-en-espacios-laborales\/\">Integrarse<\/a><\/li>\n<\/ul>\n\n\n\n<p>Informaci\u00f3n para ayudar a disminuir la discriminaci\u00f3n que sufre la comunidad LGBTQ+ en espacios laborales.<\/p>\n\n\n\n<ul class=\"wp-block-list\">\n<li><a href=\"https:\/\/www.ohchr.org\/es\/special-procedures\/ie-sexual-orientation-and-gender-identity\/effective-inclusion-lgbt-persons\">Oficina del Alto Comisionado de la ONU de Derechos Humanos<\/a><\/li>\n<\/ul>\n\n\n\n<p>Pasos clave para fomentar la inclusi\u00f3n de la comunidad LGBTQ+.<\/p>\n\n\n\n<p><strong>\u00bfD\u00f3nde reportar un caso de abuso, violencia o discriminaci\u00f3n?<\/strong><\/p>\n\n\n\n<ul class=\"wp-block-list\">\n<li><a href=\"https:\/\/denuncia.org\/guias-por-delito\/como-denunciar-el-delito-de-abuso-sexual\/#:~:text=%C2%BFQu%C3%A9%20tengo%20que%20hacer%20para,en%20la%20calle%2C%20etc.)\">Denuncia.org<\/a><\/li>\n<\/ul>\n\n\n\n<p>Pasos a seguir para denunciar un caso de abuso sexual y los elementos que se deben de tomar en cuenta para y al momento de realizar la denuncia.<\/p>\n\n\n\n<p>Pasos a seguir para realizar una denuncia de abuso sexual hacia un menor de edad.<\/p>\n\n\n\n<ul class=\"wp-block-list\">\n<li><a href=\"https:\/\/cmdpdh.org\/impunidad\/denuncia-los-abusos\/\">Comisi\u00f3n Mexicana de Defensa y Promoci\u00f3n de los Derechos Humanos.<\/a><\/li>\n<\/ul>\n\n\n\n<p>Brindan informaci\u00f3n de c\u00f3mo denunciar, cu\u00e1les son los derechos de la v\u00edctima, c\u00f3mo hacerlo ante un Ministerio P\u00fablico y qu\u00e9 tipo de delito constituye.<\/p>\n\n\n\n<ul class=\"wp-block-list\">\n<li><a href=\"https:\/\/copred.cdmx.gob.mx\/servicios\/servicio\/denuncia\">Consejo para prevenir y eliminar la discriminaci\u00f3n de la Ciudad de M\u00e9xico &#8211; COPRED<\/a><\/li>\n<\/ul>\n\n\n\n<p>Servicio para denunciar un acto de discriminaci\u00f3n.<\/p>\n\n\n\n<p>Tel: 5553413010 o 5546008233<\/p>\n\n\n\n<p>Casos urgentes: 55 46008233<\/p>\n\n\n\n<ul class=\"wp-block-list\">\n<li><a href=\"https:\/\/www.rainn.org\/es\">Red Nacional contra la Violaci\u00f3n, el Abuso y el Incesto (RAINN)<\/a><\/li>\n<\/ul>\n\n\n\n<p>Servicio gratuito de ayuda nacional online de asalto sexual. Disponible 24 hrs, 365 d\u00edas al a\u00f1o.<\/p>\n\n\n\n<p>Tel: 1 (800) 65.64.673<\/p>\n\n\n\n<ul class=\"wp-block-list\">\n<li><a href=\"https:\/\/cms311.cdmx.gob.mx\/linea-mujeres\/\">Programa Psicoterap\u00e9utico V\u00eda Telef\u00f3nica &#8211; L\u00ednea Mujeres<\/a><\/li>\n<\/ul>\n\n\n\n<p>Servicio gratuito de atenci\u00f3n psicol\u00f3gica v\u00eda telef\u00f3nica, 24 hrs 365 d\u00edas al a\u00f1o.<\/p>\n\n\n\n<p>Tel: +52 (55)56.58.11.11<\/p>\n\n\n\n<ul class=\"wp-block-list\">\n<li><a href=\"https:\/\/alternativaspacificas.org\/linea-de-emergencia\/\">Puerta Violeta<\/a><\/li>\n<\/ul>\n\n\n\n<p>Servicio gratuito de emergencia para proteger y brindar apoyo especializado a mujeres v\u00edctimas de violencia.<\/p>\n\n\n\n<p>Tel: (81) 8372-9694<\/p>\n\n\n\n<ul class=\"wp-block-list\">\n<li><a href=\"https:\/\/consejociudadanomx.org\/asi-te-ayudamos\/contencion-emocional\">Consejo Ciudadano para la Seguridad y Justicia &#8211; Contenci\u00f3n emocional<\/a><\/li>\n<\/ul>\n\n\n\n<p>Servicio gratuito de apoyo psicol\u00f3gico ante ansiedad, depresi\u00f3n, estr\u00e9s, duelo, y suicidio. Disponible 24 hrs los 365 d\u00edas del a\u00f1o.<\/p>\n\n\n\n<p>Tel: 55.5533.5533.<\/p>\n\n\n\n<ul class=\"wp-block-list\">\n<li><a href=\"http:\/\/www.inprf.gob.mx\/\">Instituto Nacional de Psiquiatr\u00eda<\/a><\/li>\n<\/ul>\n\n\n\n<p>Personal de salud especializado para responder a crisis, disponible 24 hrs 365 d\u00edas del a\u00f1o.<\/p>\n\n\n\n<p>Tel: 55.4160.5372 o 55.4160.3282<\/p>\n\n\n\n<p><strong>Comunidad LGBTQ+<\/strong><\/p>\n\n\n\n<ul class=\"wp-block-list\">\n<li><a href=\"https:\/\/www.thetrevorproject.mx\/\">The Trevor Project M\u00e9xico<\/a><\/li>\n<\/ul>\n\n\n\n<p>Atenci\u00f3n de crisis y prevenci\u00f3n del suicidio para juventudes LGBTQ+.<\/p>\n\n\n\n<ul class=\"wp-block-list\">\n<li><a href=\"https:\/\/cms311.cdmx.gob.mx\/linea-diversidad-sexual\/\">L\u00ednea de Diversidad Sexual<\/a><\/li>\n<\/ul>\n\n\n\n<p>Servicio gratuito de atenci\u00f3n psicol\u00f3gica v\u00eda telef\u00f3nica, 24 horas 365 d\u00edas al a\u00f1o.<\/p>\n\n\n\n<p>Tel: +52 (55)56.58.11.11<\/p>\n\n\n\n<ul class=\"wp-block-list\">\n<li><a href=\"https:\/\/consejociudadanomx.org\/asi-te-ayudamos\/diversidad-segura-626c27e847758\">Consejo Ciudadano para la Seguridad y Justicia &#8211; Diversidad Segura<\/a><\/li>\n<\/ul>\n\n\n\n<p>Servicio gratuito de asesor\u00eda jur\u00eddica y psicol\u00f3gica, 24 hrs 365 d\u00edas al a\u00f1o.<\/p>\n\n\n\n<p>Tel: 800 000 5428<\/p>\n\n\n\n<ul class=\"wp-block-list\">\n<li><a href=\"https:\/\/www.qchatspace.org\/\">Q Chat Space<\/a><\/li>\n<\/ul>\n\n\n\n<p>Comunidad para encontrar apoyo y conectar con personas de intereses compartidos. Grupos de conversaci\u00f3n en l\u00ednea para adolescentes LGBTQ+ entre 13 a 19 a\u00f1os.<\/p>\n\n\n\n<p><strong>Apoyo Legal&nbsp;<\/strong><\/p>\n\n\n\n<ul class=\"wp-block-list\">\n<li><a href=\"https:\/\/www.origenac.org\/index.php\/programas\/linea-de-ayuda-origen\">L\u00ednea de Ayuda Origen<\/a><\/li>\n<\/ul>\n\n\n\n<p>Asesor\u00eda psicol\u00f3gica, legal y m\u00e9dica. De Lunes a Domingo de 8:00am &#8211; 10:00pm.<\/p>\n\n\n\n<p>Tel: 800.015.16.17<\/p>\n\n\n\n<ul class=\"wp-block-list\">\n<li><a href=\"https:\/\/www.adivac.org\/index.php\">ADIVAC<\/a><\/li>\n<\/ul>\n\n\n\n<p>Atenci\u00f3n m\u00e9dica, legal y psicol\u00f3gica.<\/p>\n\n\n\n<p>Tel: 56.82.79-69 &#8211; 55.47.86.39<\/p>\n\n\n\n<ul class=\"wp-block-list\">\n<li><a href=\"https:\/\/www.casagaviota.org\/asesoria-legal\/\">Casa Gaviota<\/a><\/li>\n<\/ul>\n\n\n\n<p>Asesor\u00eda Legal Online para atenci\u00f3n de mujeres en situaci\u00f3n de vulnerabilidad. Lunes a S\u00e1bado de 9:00am &#8211; 6:00pm<\/p>\n\n\n\n<p>Tel: +52.155.3096.5189<\/p>\n\n\n\n<p><strong>Apoyo a Mujeres Ind\u00edgenas.<\/strong><\/p>\n\n\n\n<ul class=\"wp-block-list\">\n<li><a href=\"https:\/\/www.origenac.org\/\">Fundaci\u00f3n Origen<\/a><\/li>\n<\/ul>\n\n\n\n<p>Atenci\u00f3n psicol\u00f3gica, orientaci\u00f3n legal y m\u00e9dica a nivel nacional. Lunes a Domingo de 8:00am &#8211; 10:00 pm.&nbsp;<\/p>\n\n\n\n<p>Tel: 800 015 16 17<\/p>\n\n\n\n<p>Whatsapp: 55 3234 8244<\/p>\n\n\n\n<p>Correo: lineadeayudaorigen@origenac.org<\/p>\n\n\n\n<ul class=\"wp-block-list\">\n<li>Casa de la Mujer Ind\u00edgena (CAMI)<\/li>\n<\/ul>\n\n\n\n<p>Apoyo para mujeres ind\u00edgenas v\u00edctimas de violencia. Lunes a Viernes de 9:00am &#8211;&nbsp; 3:00pm.&nbsp;<\/p>\n\n\n\n<p>Tel: 01 (55) 91832100, ext. 7534, 7541, y 7527<\/p>\n\n\n\n<p>Correo electr\u00f3nico: <a href=\"mailto:mcalvarez@inpi.gob.mx\">mcalvarez@inpi.gob.mx<\/a>&nbsp;<\/p>\n\n\n\n<ul class=\"wp-block-list\">\n<li>Centro de Atenci\u00f3n Externa de la Uni\u00f3n de Comunidades Ind\u00edgenas de la Zona Norte del Istmo &#8211; Oaxaca<\/li>\n<\/ul>\n\n\n\n<p>Asesor\u00eda psicol\u00f3gica, jur\u00eddica, social y laboral. Lunes a Viernes de 9:00am &#8211; 3:00pm.&nbsp;<\/p>\n\n\n\n<p>Tel: 972 722 1877<\/p>\n\n\n\n<p>Correo: <a href=\"mailto:rasgadomg@hotmail.com\">rasgadomg@hotmail.com<\/a><\/p>\n\n\n\n<ul class=\"wp-block-list\">\n<li><a href=\"https:\/\/www.gob.mx\/inpi\">Instituo Nacional de los Pueblos Ind\u00edgenas<\/a><\/li>\n<\/ul>\n\n\n\n<p>Atenci\u00f3n Ciudadana de 9:00am- 3:00pm.&nbsp;<\/p>\n\n\n\n<p>Correo: <a href=\"mailto:nzamora@inpi.gob.mx\">nzamora@inpi.gob.mx<\/a><\/p>\n\n\n\n<p><strong>Apoyo a mujeres con discapacidad<\/strong><\/p>\n\n\n\n<ul class=\"wp-block-list\">\n<li><a href=\"https:\/\/www.semujeres.cdmx.gob.mx\/servicios\/servicio\/linea-mujeres#:~:text=Es%20atendido%20por%20psic%C3%B3logas%20y,los%20365%20d%C3%ADas%20del%20a%C3%B1o.\">L\u00ednea Mujeres<\/a><\/li>\n<\/ul>\n\n\n\n<p>Orientaci\u00f3n, asesor\u00eda y acompa\u00f1amiento para mujeres que han experimentado violencia. 24hrs los 365 d\u00edas del a\u00f1o.&nbsp;<\/p>\n\n\n\n<p>Tel: 55 5658 1111, opci\u00f3n 3.<\/p>\n\n\n\n<ul class=\"wp-block-list\">\n<li><a href=\"https:\/\/www.cndh.org.mx\/programa\/32\/atencion-las-personas-con-discapacidad\">Programa de Atenci\u00f3n a los Derechos Humanos de las Personas con Discapacidad<\/a><\/li>\n<\/ul>\n\n\n\n<p>Respeto a los derechos de las personas con discapacidad para lograr la inclusi\u00f3n y participaci\u00f3 por igual.&nbsp;<\/p>\n\n\n\n<p>Tel: 555-681-8125 \/ 555-490-7400<\/p>\n\n\n\n<ul class=\"wp-block-list\">\n<li><a href=\"https:\/\/adepam.mx\/\">Asociaci\u00f3n para los Derechos de Personas con Alteraciones Motoras (ADEPAM)<\/a><\/li>\n<\/ul>\n\n\n\n<p>Servicios educativos, capacitaci\u00f3n laboral, entrega de ayudas t\u00e9cnicas. Lunes a Viernes de 10:00am &#8211; 6:00pm.&nbsp;<\/p>\n\n\n\n<p>Correo: <a href=\"mailto:info@adepam.mx\">info@adepam.mx<\/a><\/p>\n\n\n\n<ul class=\"wp-block-list\">\n<li><a href=\"https:\/\/www.fgjcdmx.gob.mx\/nuestros-servicios\/en-linea\/mp-virtual\/centros-de-justicia-para-las-mujeres\">Centro de Justicia para las Mujeres<\/a><\/li>\n<\/ul>\n\n\n\n<p>Servicios especializados, integrales e interinstitucionales, que atienden a mujeres y ni\u00f1as. Atenci\u00f3n 24hrs del d\u00eda.&nbsp;<\/p>\n\n\n\n<p>Tel: (55) 534 55737<\/p>\n","protected":false},"excerpt":{"rendered":"<p>Recursos de Apoyo y Ayuda Informaci\u00f3n acerca de c\u00f3mo ayudar a un ser querido que ha sufrido abuso sexual y&nbsp; c\u00f3mo proteger a su hijes de abuso sexual. P\u00e1gina: https:\/\/www.rainn.org\/es Tel\u00e9fono: +1 (800)656-4673 24 horas al d\u00eda, 7 d\u00edas por semana Informaci\u00f3n para saber c\u00f3mo [&hellip;]<\/p>\n","protected":false},"author":1,"featured_media":0,"parent":0,"menu_order":0,"comment_status":"closed","ping_status":"closed","template":"","meta":{"footnotes":""},"class_list":["post-13165","page","type-page","status-publish","hentry"],"aioseo_notices":[],"_links":{"self":[{"href":"https:\/\/shewinsmexico.org\/training\/wp-json\/wp\/v2\/pages\/13165","targetHints":{"allow":["GET"]}}],"collection":[{"href":"https:\/\/shewinsmexico.org\/training\/wp-json\/wp\/v2\/pages"}],"about":[{"href":"https:\/\/shewinsmexico.org\/training\/wp-json\/wp\/v2\/types\/page"}],"author":[{"embeddable":true,"href":"https:\/\/shewinsmexico.org\/training\/wp-json\/wp\/v2\/users\/1"}],"replies":[{"embeddable":true,"href":"https:\/\/shewinsmexico.org\/training\/wp-json\/wp\/v2\/comments?post=13165"}],"version-history":[{"count":27,"href":"https:\/\/shewinsmexico.org\/training\/wp-json\/wp\/v2\/pages\/13165\/revisions"}],"predecessor-version":[{"id":13919,"href":"https:\/\/shewinsmexico.org\/training\/wp-json\/wp\/v2\/pages\/13165\/revisions\/13919"}],"wp:attachment":[{"href":"https:\/\/shewinsmexico.org\/training\/wp-json\/wp\/v2\/media?parent=13165"}],"curies":[{"name":"wp","href":"https:\/\/api.w.org\/{rel}","templated":true}]}}